{"id":5178,"date":"2023-08-19T20:47:56","date_gmt":"2023-08-19T20:47:56","guid":{"rendered":"https:\/\/xn--fotografen-snderborg-mcc.dk\/?page_id=5178"},"modified":"2024-01-05T12:08:50","modified_gmt":"2024-01-05T12:08:50","slug":"negativ-kopiering","status":"publish","type":"page","link":"https:\/\/xn--fotografen-snderborg-mcc.dk\/?page_id=5178","title":{"rendered":"Negativ kopiering"},"content":{"rendered":"\t\t<div data-elementor-type=\"wp-page\" data-elementor-id=\"5178\" class=\"elementor elementor-5178\" data-elementor-post-type=\"page\">\n\t\t\t\t\t\t<section class=\"elementor-section elementor-top-section elementor-element elementor-element-884cd9b elementor-section-boxed elementor-section-height-default elementor-section-height-default\" data-id=\"884cd9b\" data-element_type=\"section\">\n\t\t\t\t\t\t<div class=\"elementor-container elementor-column-gap-default\">\n\t\t\t\t\t<div class=\"elementor-column elementor-col-100 elementor-top-column elementor-element elementor-element-8126ec4\" data-id=\"8126ec4\" data-element_type=\"column\">\n\t\t\t<div class=\"elementor-widget-wrap elementor-element-populated\">\n\t\t\t\t\t\t<section class=\"elementor-section elementor-inner-section elementor-element elementor-element-e3421a2 elementor-section-boxed elementor-section-height-default elementor-section-height-default\" data-id=\"e3421a2\" data-element_type=\"section\">\n\t\t\t\t\t\t<div class=\"elementor-container elementor-column-gap-default\">\n\t\t\t\t\t<div class=\"elementor-column elementor-col-50 elementor-inner-column elementor-element elementor-element-9a1996e\" data-id=\"9a1996e\" data-element_type=\"column\">\n\t\t\t<div class=\"elementor-widget-wrap elementor-element-populated\">\n\t\t\t\t\t\t<section class=\"elementor-section elementor-inner-section elementor-element elementor-element-92df13d elementor-section-boxed elementor-section-height-default elementor-section-height-default\" data-id=\"92df13d\" data-element_type=\"section\">\n\t\t\t\t\t\t<div class=\"elementor-container elementor-column-gap-default\">\n\t\t\t\t\t<div class=\"elementor-column elementor-col-100 elementor-inner-column elementor-element elementor-element-d77a37b\" data-id=\"d77a37b\" data-element_type=\"column\">\n\t\t\t<div class=\"elementor-widget-wrap elementor-element-populated\">\n\t\t\t\t\t\t<div class=\"elementor-element elementor-element-3596f6e elementor-widget elementor-widget-heading\" data-id=\"3596f6e\" data-element_type=\"widget\" data-widget_type=\"heading.default\">\n\t\t\t\t<div class=\"elementor-widget-container\">\n\t\t\t\t\t<h1 class=\"elementor-heading-title elementor-size-large\">Kopiering - digitalisering af Negativer<\/h1>\t\t\t\t<\/div>\n\t\t\t\t<\/div>\n\t\t\t\t<div class=\"elementor-element elementor-element-49c9e15 elementor-widget elementor-widget-text-editor\" data-id=\"49c9e15\" data-element_type=\"widget\" data-widget_type=\"text-editor.default\">\n\t\t\t\t<div class=\"elementor-widget-container\">\n\t\t\t\t\t\t\t\t\t<h2>F\u00e5 kopieret dine gamle negativer s\u00e5 du enten kan f\u00e5 dem printet eller f\u00e5 dem som filer, s\u00e5 du kan se dem p\u00e5 din pc.<\/h2>\n<h2>Vi kopierer b\u00e5de 24x36mm, 6&#215;6, 6&#215;7 og flere andre st\u00f8rrelser<\/h2>\n<h2>Hvis du har gamle glasplade negativer s\u00e5 <a href=\"https:\/\/xn--fotografen-snderborg-mcc.dk\/?page_id=5186\">KLIK HER<\/a><\/h2>\n<h2>Den nemme vej til at f\u00e5 dine negativer kopieret er:<\/h2>\n<p><\/p>\t\t\t\t\t\t\t\t<\/div>\n\t\t\t\t<\/div>\n\t\t\t\t<div class=\"elementor-element elementor-element-5b30564 elementor-widget elementor-widget-text-editor\" data-id=\"5b30564\" data-element_type=\"widget\" data-widget_type=\"text-editor.default\">\n\t\t\t\t<div class=\"elementor-widget-container\">\n\t\t\t\t\t\t\t\t\t<ol>\n<li>Du sender dine negativer til mig (Storegade 29, 6430 Nordborg), eller kommer ind med dem i en af vore butikker i S\u00f8nderborg eller Nordborg&nbsp;<em>( butikken i Tinglev ved Aabenraa er midlertidigt flyttet til S\u00f8nderborg)<\/em><\/li>\n<li>Vi aftaler, hvad der skal laves<\/li>\n<li>N\u00e5r arbejdet er f\u00e6rdigt, sender jeg dem retur, eller du henter dem igen, sammen med dine nye printede billeder USB-pen eller hvad vi nu har aftalt<\/li>\n<li>Og det var det!<\/li>\n<\/ol>\t\t\t\t\t\t\t\t<\/div>\n\t\t\t\t<\/div>\n\t\t\t\t\t<\/div>\n\t\t<\/div>\n\t\t\t\t\t<\/div>\n\t\t<\/section>\n\t\t\t\t<div class=\"elementor-element elementor-element-440786a elementor-widget elementor-widget-text-editor\" data-id=\"440786a\" data-element_type=\"widget\" data-widget_type=\"text-editor.default\">\n\t\t\t\t<div class=\"elementor-widget-container\">\n\t\t\t\t\t\t\t\t\t<p><b style=\"font-style: inherit; color: var(--ast-global-color-3);\">Priserne p\u00e5 kopieringen:<\/b><\/p><p>Startgebyr 45 kr.<\/p><ul style=\"overflow-wrap: inherit; box-sizing: inherit; margin-bottom: 0px; margin-left: 0px; list-style-position: outside; overflow: hidden; color: #3c3c3c; font-family: 'Open Sans', 'Open Sans', 'Helvetica Neue', Helvetica, 'sans-serif'; font-size: 14px; font-style: normal; font-weight: 400; text-size-adjust: none !important;\"><li class=\"\" style=\"overflow-wrap: inherit; box-sizing: inherit; margin-left: 2.4em; font-size: 16px; text-size-adjust: none !important;\"><span class=\"\" style=\"overflow-wrap: inherit; box-sizing: inherit; text-size-adjust: none !important;\">ved 1 stk. pr. stk. 30 kr.<\/span><\/li><li class=\"\" style=\"overflow-wrap: inherit; box-sizing: inherit; margin-left: 2.4em; font-size: 16px; text-size-adjust: none !important;\"><span class=\"\" style=\"overflow-wrap: inherit; box-sizing: inherit; text-size-adjust: none !important;\">ved 2 stk. pr. stk. 25 kr.<\/span><\/li><li class=\"\" style=\"overflow-wrap: inherit; box-sizing: inherit; margin-left: 2.4em; font-size: 16px; text-size-adjust: none !important;\"><span class=\"\" style=\"overflow-wrap: inherit; box-sizing: inherit; text-size-adjust: none !important;\">ved 3 stk. pr. stk. 20 kr.<\/span><\/li><li class=\"\" style=\"overflow-wrap: inherit; box-sizing: inherit; margin-left: 2.4em; font-size: 16px; text-size-adjust: none !important;\"><span class=\"\" style=\"overflow-wrap: inherit; box-sizing: inherit; text-size-adjust: none !important;\">ved 4 stk. pr. stk. 17 kr.<\/span><\/li><li class=\"\" style=\"overflow-wrap: inherit; box-sizing: inherit; margin-left: 2.4em; font-size: 16px; text-size-adjust: none !important;\"><span class=\"\" style=\"overflow-wrap: inherit; box-sizing: inherit; text-size-adjust: none !important;\">ved 5 stk. pr. stk. 15 kr.<\/span><\/li><li class=\"\" style=\"overflow-wrap: inherit; box-sizing: inherit; margin-left: 2.4em; font-size: 16px; text-size-adjust: none !important;\"><span class=\"\" style=\"overflow-wrap: inherit; box-sizing: inherit; text-size-adjust: none !important;\">fra 6 stk. pr. stk. 12 kr.<\/span><\/li><li class=\"\" style=\"overflow-wrap: inherit; box-sizing: inherit; margin-left: 2.4em; font-size: 16px; text-size-adjust: none !important;\"><span class=\"\" style=\"overflow-wrap: inherit; box-sizing: inherit; text-size-adjust: none !important;\">fra 11 stk. pr. stk. 10 kr.<\/span><\/li><li class=\"\" style=\"overflow-wrap: inherit; box-sizing: inherit; margin-left: 2.4em; font-size: 16px; text-size-adjust: none !important;\"><span class=\"\" style=\"overflow-wrap: inherit; box-sizing: inherit; text-size-adjust: none !important;\">fra 21 stk. pr. stk. 8 kr.<\/span><\/li><li class=\"\" style=\"overflow-wrap: inherit; box-sizing: inherit; margin-left: 2.4em; font-size: 16px; text-size-adjust: none !important;\"><span class=\"\" style=\"overflow-wrap: inherit; box-sizing: inherit; text-size-adjust: none !important;\">fra 100 stk. pr. stk. 5 kr.<\/span><\/li><li class=\"\" style=\"overflow-wrap: inherit; box-sizing: inherit; margin-left: 2.4em; font-size: 16px; text-size-adjust: none !important;\"><span class=\"\" style=\"overflow-wrap: inherit; box-sizing: inherit; text-size-adjust: none !important;\">fra 500 stk. pr. stk. 3 kr.<\/span><\/li><li class=\"\" style=\"overflow-wrap: inherit; box-sizing: inherit; margin-left: 2.4em; font-size: 16px; text-size-adjust: none !important;\"><span class=\"\" style=\"overflow-wrap: inherit; box-sizing: inherit; text-size-adjust: none !important;\">fra 1000 stk. pr. stk. 1 kr.<\/span><\/li><li class=\"\" style=\"overflow-wrap: inherit; box-sizing: inherit; margin-left: 2.4em; font-size: 16px; text-size-adjust: none !important;\"><span class=\"\" style=\"overflow-wrap: inherit; box-sizing: inherit; text-size-adjust: none !important;\">fra 2000 stk. gratis<\/span><\/li><\/ul>\t\t\t\t\t\t\t\t<\/div>\n\t\t\t\t<\/div>\n\t\t\t\t\t<\/div>\n\t\t<\/div>\n\t\t\t\t<div class=\"elementor-column elementor-col-50 elementor-inner-column elementor-element elementor-element-1ba2125\" data-id=\"1ba2125\" data-element_type=\"column\">\n\t\t\t<div class=\"elementor-widget-wrap elementor-element-populated\">\n\t\t\t\t\t\t<div class=\"elementor-element elementor-element-bd31c59 elementor-widget elementor-widget-image\" data-id=\"bd31c59\" data-element_type=\"widget\" data-widget_type=\"image.default\">\n\t\t\t\t<div class=\"elementor-widget-container\">\n\t\t\t\t\t\t\t\t\t\t\t\t\t\t\t<img fetchpriority=\"high\" decoding=\"async\" width=\"799\" height=\"639\" src=\"https:\/\/xn--fotografen-snderborg-mcc.dk\/wp-content\/uploads\/2023\/08\/Kpiering-negativer-og-film-Soenderborg-fotograf-Torben-Fischer.png\" class=\"attachment-large size-large wp-image-5406\" alt=\"Kopiering negativer og film S\u00f8nderborg fotograf Torben Fischer\" srcset=\"https:\/\/xn--fotografen-snderborg-mcc.dk\/wp-content\/uploads\/2023\/08\/Kpiering-negativer-og-film-Soenderborg-fotograf-Torben-Fischer.png 799w, https:\/\/xn--fotografen-snderborg-mcc.dk\/wp-content\/uploads\/2023\/08\/Kpiering-negativer-og-film-Soenderborg-fotograf-Torben-Fischer-300x240.png 300w, https:\/\/xn--fotografen-snderborg-mcc.dk\/wp-content\/uploads\/2023\/08\/Kpiering-negativer-og-film-Soenderborg-fotograf-Torben-Fischer-768x614.png 768w\" sizes=\"(max-width: 799px) 100vw, 799px\" \/>\t\t\t\t\t\t\t\t\t\t\t\t\t\t\t<\/div>\n\t\t\t\t<\/div>\n\t\t\t\t<div class=\"elementor-element elementor-element-f9502a7 elementor-widget elementor-widget-text-editor\" data-id=\"f9502a7\" data-element_type=\"widget\" data-widget_type=\"text-editor.default\">\n\t\t\t\t<div class=\"elementor-widget-container\">\n\t\t\t\t\t\t\t\t\t<p>Herefter k\u00f8ber du enten filer eller billeder:<\/p><p>\u00a0<\/p><p class=\"textnormal \" style=\"overflow-wrap: break-word; box-sizing: inherit; text-size-adjust: 100%; line-height: 1.8; font-family: 'Open Sans', 'Open Sans', 'Helvetica Neue', Helvetica, 'sans-serif'; font-style: normal; font-size: 16px; font-weight: 400; color: #3c3c3c;\"><span class=\"\" style=\"overflow-wrap: inherit; box-sizing: inherit; text-size-adjust: none !important;\"><strong>Filer<\/strong> pr. stk. 3 kr.<\/span><\/p><p class=\"textnormal \" style=\"overflow-wrap: break-word; box-sizing: inherit; text-size-adjust: 100%; line-height: 1.8; font-family: 'Open Sans', 'Open Sans', 'Helvetica Neue', Helvetica, 'sans-serif'; font-style: normal; font-size: 16px; font-weight: 400; color: #3c3c3c;\"><span class=\"\" style=\"overflow-wrap: inherit; box-sizing: inherit; text-size-adjust: none !important;\">Inklusive GRATIS upload fra vores server<\/span><\/p><p class=\"textnormal \" style=\"overflow-wrap: break-word; box-sizing: inherit; text-size-adjust: 100%; line-height: 1.8; font-family: 'Open Sans', 'Open Sans', 'Helvetica Neue', Helvetica, 'sans-serif'; font-style: normal; font-size: 16px; font-weight: 400; color: #3c3c3c;\"><span class=\"\" style=\"overflow-wrap: inherit; box-sizing: inherit; text-size-adjust: none !important;\">Eller GRATIS p\u00e5 egen harddisk eller usb-pen<\/span><\/p><p class=\"textnormal \" style=\"overflow-wrap: break-word; box-sizing: inherit; text-size-adjust: 100%; line-height: 1.8; font-family: 'Open Sans', 'Open Sans', 'Helvetica Neue', Helvetica, 'sans-serif'; font-style: normal; font-size: 16px; font-weight: 400; color: #3c3c3c;\"><span class=\"\" style=\"overflow-wrap: inherit; box-sizing: inherit; text-size-adjust: none !important;\">Eller 75 kr. for usb-pen<\/span><\/p><p class=\"textnormal \" style=\"overflow-wrap: break-word; box-sizing: inherit; text-size-adjust: 100%; line-height: 1.8; font-family: 'Open Sans', 'Open Sans', 'Helvetica Neue', Helvetica, 'sans-serif'; font-style: normal; font-size: 16px; font-weight: 400; color: #3c3c3c;\"><span class=\"\" style=\"overflow-wrap: inherit; box-sizing: inherit; text-size-adjust: none !important;\">Eller GRATIS usb-pen v. mindst 100 dias.<\/span><\/p><p class=\"textnormal \" style=\"overflow-wrap: break-word; box-sizing: inherit; text-size-adjust: 100%; line-height: 1.8; font-family: 'Open Sans', 'Open Sans', 'Helvetica Neue', Helvetica, 'sans-serif'; font-style: normal; font-size: 16px; font-weight: 400; color: #3c3c3c;\"><span class=\"\" style=\"overflow-wrap: inherit; box-sizing: inherit; text-size-adjust: none !important;\">\u00a0<\/span><\/p><p class=\"textnormal \" style=\"overflow-wrap: break-word; box-sizing: inherit; text-size-adjust: 100%; line-height: 1.8; font-family: 'Open Sans', 'Open Sans', 'Helvetica Neue', Helvetica, 'sans-serif'; font-style: normal; font-size: 16px; color: #3c3c3c;\"><span class=\"\" style=\"overflow-wrap: inherit; box-sizing: inherit; text-size-adjust: none !important;\"><strong>P<\/strong><b>rintede billeder:\u00a0<\/b><\/span><\/p><ul><li><span class=\"\" style=\"overflow-wrap: inherit; box-sizing: inherit; text-size-adjust: none !important;\">10&#215;15 cm. billeder\u00a0 \u00a0 \u00a0 \u00a0 \u00a0 \u00a0 \u00a0 \u00a0 \u00a0 \u00a0 \u00a0 \u00a03,00 kr. pr. stk.<\/span><\/li><li><span class=\"\" style=\"overflow-wrap: inherit; box-sizing: inherit; text-size-adjust: none !important;\">13&#215;18 cm. billeder\u00a0 \u00a0 \u00a0 \u00a0 \u00a0 \u00a0 \u00a0 \u00a0 \u00a0 \u00a0 \u00a010,00 kr. pr. stk.<\/span><\/li><li><span class=\"\" style=\"overflow-wrap: inherit; box-sizing: inherit; text-size-adjust: none !important;\">18&#215;24 cm. billeder\u00a0 \u00a0 \u00a0 \u00a0 \u00a0 \u00a0 \u00a0 \u00a0 \u00a0 \u00a0 \u00a0 40,00 kr. pr. stk.<\/span><\/li><li><span class=\"\" style=\"overflow-wrap: inherit; box-sizing: inherit; text-size-adjust: none !important;\">20&#215;30 cm. billeder\u00a0 \u00a0 \u00a0 \u00a0 \u00a0 \u00a0 \u00a0 \u00a0 \u00a0 \u00a0 \u00a0 50,00 kr. pr. stk.<\/span><\/li><li><span class=\"\" style=\"overflow-wrap: inherit; box-sizing: inherit; text-size-adjust: none !important;\">30&#215;40 cm. billeder\u00a0 \u00a0 \u00a0 \u00a0 \u00a0 \u00a0 \u00a0 \u00a0 \u00a0 \u00a0 \u00a0 90,00 kr. pr. stk.<\/span><\/li><li><span class=\"\" style=\"overflow-wrap: inherit; box-sizing: inherit; text-size-adjust: none !important;\">33&#215;48 cm. billeder\u00a0 \u00a0 \u00a0 \u00a0 \u00a0 \u00a0 \u00a0 \u00a0 \u00a0 \u00a0 120,00 kr. pr. stk.<\/span><\/li><li><span class=\"\" style=\"overflow-wrap: inherit; box-sizing: inherit; text-size-adjust: none !important;\">40&#215;50 cm. billeder\u00a0 \u00a0 \u00a0 \u00a0 \u00a0 \u00a0 \u00a0 \u00a0 \u00a0 \u00a0 150,00 kr. pr. stk.<\/span><\/li><li><span class=\"\" style=\"overflow-wrap: inherit; box-sizing: inherit; text-size-adjust: none !important;\">43&#215;60 cm. billeder\u00a0 \u00a0 \u00a0 \u00a0 \u00a0 \u00a0 \u00a0 \u00a0 \u00a0 \u00a0 225,00 kr. pr. stk.<\/span><\/li><li><span class=\"\" style=\"overflow-wrap: inherit; box-sizing: inherit; text-size-adjust: none !important;\">43&#215;70 cm. billeder\u00a0 \u00a0 \u00a0 \u00a0 \u00a0 \u00a0 \u00a0 \u00a0 \u00a0 \u00a0 275,00 kr. pr. stk.<\/span><\/li><li><span class=\"\" style=\"overflow-wrap: inherit; box-sizing: inherit; text-size-adjust: none !important;\">43&#215;90 cm. billeder\u00a0 \u00a0 \u00a0 \u00a0 \u00a0 \u00a0 \u00a0 \u00a0 \u00a0 \u00a0 375,00 kr. pr. stk.<\/span><\/li><\/ul><p class=\"textnormal \" style=\"overflow-wrap: break-word; box-sizing: inherit; text-size-adjust: 100%; line-height: 1.8; font-family: 'Open Sans', 'Open Sans', 'Helvetica Neue', Helvetica, 'sans-serif'; font-style: normal; font-size: 16px; font-weight: 400; color: #3c3c3c;\">Fotolaminat +100%<\/p><p class=\"textnormal \" style=\"overflow-wrap: break-word; box-sizing: inherit; text-size-adjust: 100%; line-height: 1.8; font-family: 'Open Sans', 'Open Sans', 'Helvetica Neue', Helvetica, 'sans-serif'; font-style: normal; font-size: 16px; font-weight: 400; color: #3c3c3c;\">Opkl\u00e6bning p\u00e5 karton +100%<\/p><p class=\"textnormal \" style=\"overflow-wrap: break-word; box-sizing: inherit; text-size-adjust: 100%; line-height: 1.8; font-family: 'Open Sans', 'Open Sans', 'Helvetica Neue', Helvetica, 'sans-serif'; font-style: normal; font-size: 16px; font-weight: 400; color: #3c3c3c;\">\u00a0<\/p><p class=\"textnormal \" style=\"overflow-wrap: break-word; box-sizing: inherit; text-size-adjust: 100%; line-height: 1.8; font-family: 'Open Sans', 'Open Sans', 'Helvetica Neue', Helvetica, 'sans-serif'; font-style: normal; font-size: 16px; font-weight: 400; color: #3c3c3c;\"><span class=\"\" style=\"overflow-wrap: inherit; box-sizing: inherit; text-size-adjust: none !important;\">Vi opbevarer en kopi af dine negativer, s\u00e5 du evt. senere kan bestille flere billeder, eller f\u00e5 dem igen, uden beregning, hvis du skulle miste dine k\u00f8bte filer.\u00a0<\/span><\/p>\t\t\t\t\t\t\t\t<\/div>\n\t\t\t\t<\/div>\n\t\t\t\t\t<\/div>\n\t\t<\/div>\n\t\t\t\t\t<\/div>\n\t\t<\/section>\n\t\t\t\t\t<\/div>\n\t\t<\/div>\n\t\t\t\t\t<\/div>\n\t\t<\/section>\n\t\t\t\t<\/div>\n\t\t","protected":false},"excerpt":{"rendered":"<p>Kopiering &#8211; digitalisering af Negativer F\u00e5 kopieret dine gamle negativer s\u00e5 du enten kan f\u00e5 dem printet eller f\u00e5 dem som filer, s\u00e5 du kan se dem p\u00e5 din pc. Vi kopierer b\u00e5de 24x36mm, 6&#215;6, 6&#215;7 og flere andre st\u00f8rrelser Hvis du har gamle glasplade negativer s\u00e5 KLIK HER Den nemme vej til at f\u00e5 &hellip;<\/p>\n<p class=\"read-more\"> <a class=\"\" href=\"https:\/\/xn--fotografen-snderborg-mcc.dk\/?page_id=5178\"> <span class=\"screen-reader-text\">Negativ kopiering<\/span> L\u00e6s mere &raquo;<\/a><\/p>\n","protected":false},"author":1,"featured_media":0,"parent":0,"menu_order":0,"comment_status":"closed","ping_status":"closed","template":"","meta":{"site-sidebar-layout":"no-sidebar","site-content-layout":"page-builder","ast-site-content-layout":"","site-content-style":"default","site-sidebar-style":"default","ast-global-header-display":"","ast-banner-title-visibility":"","ast-main-header-display":"","ast-hfb-above-header-display":"","ast-hfb-below-header-display":"","ast-hfb-mobile-header-display":"","site-post-title":"disabled","ast-breadcrumbs-content":"","ast-featured-img":"disabled","footer-sml-layout":"","theme-transparent-header-meta":"","adv-header-id-meta":"","stick-header-meta":"","header-above-stick-meta":"","header-main-stick-meta":"","header-below-stick-meta":"","astra-migrate-meta-layouts":"","footnotes":""},"class_list":["post-5178","page","type-page","status-publish","hentry"],"_links":{"self":[{"href":"https:\/\/xn--fotografen-snderborg-mcc.dk\/index.php?rest_route=\/wp\/v2\/pages\/5178","targetHints":{"allow":["GET"]}}],"collection":[{"href":"https:\/\/xn--fotografen-snderborg-mcc.dk\/index.php?rest_route=\/wp\/v2\/pages"}],"about":[{"href":"https:\/\/xn--fotografen-snderborg-mcc.dk\/index.php?rest_route=\/wp\/v2\/types\/page"}],"author":[{"embeddable":true,"href":"https:\/\/xn--fotografen-snderborg-mcc.dk\/index.php?rest_route=\/wp\/v2\/users\/1"}],"replies":[{"embeddable":true,"href":"https:\/\/xn--fotografen-snderborg-mcc.dk\/index.php?rest_route=%2Fwp%2Fv2%2Fcomments&post=5178"}],"version-history":[{"count":22,"href":"https:\/\/xn--fotografen-snderborg-mcc.dk\/index.php?rest_route=\/wp\/v2\/pages\/5178\/revisions"}],"predecessor-version":[{"id":5696,"href":"https:\/\/xn--fotografen-snderborg-mcc.dk\/index.php?rest_route=\/wp\/v2\/pages\/5178\/revisions\/5696"}],"wp:attachment":[{"href":"https:\/\/xn--fotografen-snderborg-mcc.dk\/index.php?rest_route=%2Fwp%2Fv2%2Fmedia&parent=5178"}],"curies":[{"name":"wp","href":"https:\/\/api.w.org\/{rel}","templated":true}]}}