{"id":5172,"date":"2023-08-19T20:44:10","date_gmt":"2023-08-19T20:44:10","guid":{"rendered":"https:\/\/xn--fotografen-snderborg-mcc.dk\/?page_id=5172"},"modified":"2026-04-14T11:17:46","modified_gmt":"2026-04-14T11:17:46","slug":"video-8-og-hi-8-kopiering","status":"publish","type":"page","link":"https:\/\/xn--fotografen-snderborg-mcc.dk\/?page_id=5172","title":{"rendered":"Video 8 og HI 8 kopiering"},"content":{"rendered":"\t\t<div data-elementor-type=\"wp-page\" data-elementor-id=\"5172\" class=\"elementor elementor-5172\" data-elementor-post-type=\"page\">\n\t\t\t\t\t\t<section class=\"elementor-section elementor-top-section elementor-element elementor-element-8c09f4d elementor-section-boxed elementor-section-height-default elementor-section-height-default\" data-id=\"8c09f4d\" data-element_type=\"section\">\n\t\t\t\t\t\t<div class=\"elementor-container elementor-column-gap-default\">\n\t\t\t\t\t<div class=\"elementor-column elementor-col-100 elementor-top-column elementor-element elementor-element-165dd7d\" data-id=\"165dd7d\" data-element_type=\"column\">\n\t\t\t<div class=\"elementor-widget-wrap elementor-element-populated\">\n\t\t\t\t\t\t<section class=\"elementor-section elementor-inner-section elementor-element elementor-element-3dbf254 elementor-section-boxed elementor-section-height-default elementor-section-height-default\" data-id=\"3dbf254\" data-element_type=\"section\">\n\t\t\t\t\t\t<div class=\"elementor-container elementor-column-gap-default\">\n\t\t\t\t\t<div class=\"elementor-column elementor-col-50 elementor-inner-column elementor-element elementor-element-b4223f3\" data-id=\"b4223f3\" data-element_type=\"column\">\n\t\t\t<div class=\"elementor-widget-wrap elementor-element-populated\">\n\t\t\t\t\t\t<section class=\"elementor-section elementor-inner-section elementor-element elementor-element-d66deeb elementor-section-boxed elementor-section-height-default elementor-section-height-default\" data-id=\"d66deeb\" data-element_type=\"section\">\n\t\t\t\t\t\t<div class=\"elementor-container elementor-column-gap-default\">\n\t\t\t\t\t<div class=\"elementor-column elementor-col-100 elementor-inner-column elementor-element elementor-element-bb2611b\" data-id=\"bb2611b\" data-element_type=\"column\">\n\t\t\t<div class=\"elementor-widget-wrap elementor-element-populated\">\n\t\t\t\t\t\t<div class=\"elementor-element elementor-element-f0f56b3 elementor-widget__width-initial elementor-widget elementor-widget-heading\" data-id=\"f0f56b3\" data-element_type=\"widget\" data-widget_type=\"heading.default\">\n\t\t\t\t<div class=\"elementor-widget-container\">\n\t\t\t\t\t<h1 class=\"elementor-heading-title elementor-size-large\">Overspilning, Digitalisering, Kopiering af Video 8, Hi 8, digital 8 b\u00e5nd<\/h1>\t\t\t\t<\/div>\n\t\t\t\t<\/div>\n\t\t\t\t<div class=\"elementor-element elementor-element-1f2db6a elementor-widget elementor-widget-text-editor\" data-id=\"1f2db6a\" data-element_type=\"widget\" data-widget_type=\"text-editor.default\">\n\t\t\t\t<div class=\"elementor-widget-container\">\n\t\t\t\t\t\t\t\t\t<p>Det er en nem sag for dig, at f\u00e5 kopieret dine videob\u00e5nd til digital, s\u00e5 du kan se dine film p\u00e5 computer, tablet, tv eller andet.<\/p><p>\u00a0<\/p>\t\t\t\t\t\t\t\t<\/div>\n\t\t\t\t<\/div>\n\t\t\t\t<div class=\"elementor-element elementor-element-3e4149a elementor-widget elementor-widget-text-editor\" data-id=\"3e4149a\" data-element_type=\"widget\" data-widget_type=\"text-editor.default\">\n\t\t\t\t<div class=\"elementor-widget-container\">\n\t\t\t\t\t\t\t\t\t<ol><li>Du sender dine film til mig (Storegade 29, 6430 Nordborg), eller kommer ind med dem i en af vore butikker i S\u00f8nderborg eller Nordborg<\/li><li>Vi aftaler, hvad der skal laves<\/li><li>Jeg sender dig en faktura<\/li><li>Jeg sender filmene retur, eller du henter dem igen, sammen med dit USB-pen eller hvad vi nu har aftalt<\/li><li>Og det var det!<\/li><\/ol><p><span class=\"textheading1\" style=\"font-size: 16px; font-weight: bold; font-style: italic;\">Vi kopierer alt video-, film-, lyd-, negativ- og billedmateriale\u00a0 her i firmaet. Vi videresender ikke til en anden producent. S\u00e5 vi har selv styr p\u00e5 kvaliteten, og mister intet ved forsendelse.<\/span><\/p>\t\t\t\t\t\t\t\t<\/div>\n\t\t\t\t<\/div>\n\t\t\t\t\t<\/div>\n\t\t<\/div>\n\t\t\t\t\t<\/div>\n\t\t<\/section>\n\t\t\t\t\t<\/div>\n\t\t<\/div>\n\t\t\t\t<div class=\"elementor-column elementor-col-50 elementor-inner-column elementor-element elementor-element-100ea06\" data-id=\"100ea06\" data-element_type=\"column\">\n\t\t\t<div class=\"elementor-widget-wrap elementor-element-populated\">\n\t\t\t\t\t\t<div class=\"elementor-element elementor-element-1df67e6 elementor-invisible elementor-widget elementor-widget-image\" data-id=\"1df67e6\" data-element_type=\"widget\" data-settings=\"{&quot;_animation&quot;:&quot;rollIn&quot;}\" data-widget_type=\"image.default\">\n\t\t\t\t<div class=\"elementor-widget-container\">\n\t\t\t\t\t\t\t\t\t\t\t\t\t\t\t<img fetchpriority=\"high\" decoding=\"async\" width=\"750\" height=\"509\" src=\"https:\/\/xn--fotografen-snderborg-mcc.dk\/wp-content\/uploads\/2023\/08\/Video-8-baand-Fotograf-Torben-Fischer-Soenderborg-8-web.png\" class=\"attachment-medium_large size-medium_large wp-image-5368\" alt=\"Video 8 b\u00e5nd Fotograf Torben Fischer S\u00f8nderborg 8 web\" srcset=\"https:\/\/xn--fotografen-snderborg-mcc.dk\/wp-content\/uploads\/2023\/08\/Video-8-baand-Fotograf-Torben-Fischer-Soenderborg-8-web.png 750w, https:\/\/xn--fotografen-snderborg-mcc.dk\/wp-content\/uploads\/2023\/08\/Video-8-baand-Fotograf-Torben-Fischer-Soenderborg-8-web-300x204.png 300w\" sizes=\"(max-width: 750px) 100vw, 750px\" \/>\t\t\t\t\t\t\t\t\t\t\t\t\t\t\t<\/div>\n\t\t\t\t<\/div>\n\t\t\t\t\t<\/div>\n\t\t<\/div>\n\t\t\t\t\t<\/div>\n\t\t<\/section>\n\t\t\t\t<section class=\"elementor-section elementor-inner-section elementor-element elementor-element-ea59e7c elementor-section-boxed elementor-section-height-default elementor-section-height-default\" data-id=\"ea59e7c\" data-element_type=\"section\">\n\t\t\t\t\t\t<div class=\"elementor-container elementor-column-gap-default\">\n\t\t\t\t\t<div class=\"elementor-column elementor-col-50 elementor-inner-column elementor-element elementor-element-d97a305\" data-id=\"d97a305\" data-element_type=\"column\">\n\t\t\t<div class=\"elementor-widget-wrap elementor-element-populated\">\n\t\t\t\t\t\t<div class=\"elementor-element elementor-element-12d4284 elementor-widget elementor-widget-text-editor\" data-id=\"12d4284\" data-element_type=\"widget\" data-widget_type=\"text-editor.default\">\n\t\t\t\t<div class=\"elementor-widget-container\">\n\t\t\t\t\t\t\t\t\t<p><b style=\"font-style: inherit; color: var(--ast-global-color-3);\">Priserne:<\/b><\/p>\n<p style=\"overflow-wrap: break-word; box-sizing: inherit; text-size-adjust: 100%; line-height: 1.8; font-family: 'Open Sans', 'Open Sans', 'Helvetica Neue', Helvetica, 'sans-serif'; font-style: normal; font-size: 16px; font-weight: 400; color: #3c3c3c;\">1 b\u00e5nd&nbsp; &nbsp; &nbsp; &nbsp; 175 kr.<\/p>\n<p style=\"overflow-wrap: break-word; box-sizing: inherit; text-size-adjust: 100%; line-height: 1.8; font-family: 'Open Sans', 'Open Sans', 'Helvetica Neue', Helvetica, 'sans-serif'; font-style: normal; font-size: 16px; font-weight: 400; color: #3c3c3c;\">2-9 b\u00e5nd&nbsp; &nbsp; &nbsp;145 kr. pr. b\u00e5nd<\/p>\n<p style=\"overflow-wrap: break-word; box-sizing: inherit; text-size-adjust: 100%; line-height: 1.8; font-family: 'Open Sans', 'Open Sans', 'Helvetica Neue', Helvetica, 'sans-serif'; font-style: normal; font-size: 16px; font-weight: 400; color: #3c3c3c;\">10-29 b\u00e5nd 125 kr. pr. b\u00e5nd<\/p>\n<p style=\"overflow-wrap: break-word; box-sizing: inherit; text-size-adjust: 100%; line-height: 1.8; font-family: 'Open Sans', 'Open Sans', 'Helvetica Neue', Helvetica, 'sans-serif'; font-style: normal; font-size: 16px; font-weight: 400; color: #3c3c3c;\">30-49 b\u00e5nd&nbsp; &nbsp;95 kr. pr. b\u00e5nd<\/p>\n<p style=\"overflow-wrap: break-word; box-sizing: inherit; text-size-adjust: 100%; line-height: 1.8; font-family: 'Open Sans', 'Open Sans', 'Helvetica Neue', Helvetica, 'sans-serif'; font-style: normal; font-size: 16px; font-weight: 400; color: #3c3c3c;\">50-74 b\u00e5nd&nbsp; &nbsp;85 kr. pr. b\u00e5nd<\/p>\n<p>75-99 b\u00e5nd&nbsp; &nbsp;75 kr. pr. b\u00e5nd<\/p>\n<p>100+ b\u00e5nd&nbsp; &nbsp; 65 kr. pr. b\u00e5nd<\/p><p><br><\/p><p style=\"overflow-wrap: break-word; box-sizing: inherit; text-size-adjust: 100%; line-height: 1.8; font-family: &quot;Open Sans&quot;, &quot;Helvetica Neue&quot;, Helvetica, &quot;sans-serif&quot;; font-style: normal; font-size: 16px; font-weight: 400; color: rgb(60, 60, 60);\"><span style=\"overflow-wrap: inherit; box-sizing: inherit; text-size-adjust: none !important;\">Leveres som mp4 i h\u00f8j opl\u00f8sning:<\/span><\/p><p style=\"overflow-wrap: break-word; box-sizing: inherit; text-size-adjust: 100%; line-height: 1.8; font-family: &quot;Open Sans&quot;, &quot;Helvetica Neue&quot;, Helvetica, &quot;sans-serif&quot;; font-style: normal; font-size: 16px; font-weight: 400; color: rgb(60, 60, 60);\"><span style=\"overflow-wrap: inherit; box-sizing: inherit; text-size-adjust: none !important;\">1920&#215;1080 ved 16:9 optagelser og 1440&#215;1080 ved 4:3 optagelser<\/span><\/p>\t\t\t\t\t\t\t\t<\/div>\n\t\t\t\t<\/div>\n\t\t\t\t<div class=\"elementor-element elementor-element-27a6ffd elementor-widget__width-initial elementor-widget elementor-widget-image\" data-id=\"27a6ffd\" data-element_type=\"widget\" data-widget_type=\"image.default\">\n\t\t\t\t<div class=\"elementor-widget-container\">\n\t\t\t\t\t\t\t\t\t\t\t\t\t\t\t<img decoding=\"async\" width=\"750\" height=\"748\" src=\"https:\/\/xn--fotografen-snderborg-mcc.dk\/wp-content\/uploads\/2023\/08\/Video-8-baand-Fotograf-Torben-Fischer-Soenderborg-2-web.png\" class=\"attachment-medium_large size-medium_large wp-image-5366\" alt=\"Video 8 b\u00e5nd Fotograf Torben Fischer S\u00f8nderborg 8 web\" srcset=\"https:\/\/xn--fotografen-snderborg-mcc.dk\/wp-content\/uploads\/2023\/08\/Video-8-baand-Fotograf-Torben-Fischer-Soenderborg-2-web.png 750w, https:\/\/xn--fotografen-snderborg-mcc.dk\/wp-content\/uploads\/2023\/08\/Video-8-baand-Fotograf-Torben-Fischer-Soenderborg-2-web-300x300.png 300w, https:\/\/xn--fotografen-snderborg-mcc.dk\/wp-content\/uploads\/2023\/08\/Video-8-baand-Fotograf-Torben-Fischer-Soenderborg-2-web-150x150.png 150w\" sizes=\"(max-width: 750px) 100vw, 750px\" \/>\t\t\t\t\t\t\t\t\t\t\t\t\t\t\t<\/div>\n\t\t\t\t<\/div>\n\t\t\t\t\t<\/div>\n\t\t<\/div>\n\t\t\t\t<div class=\"elementor-column elementor-col-50 elementor-inner-column elementor-element elementor-element-02c7fc6\" data-id=\"02c7fc6\" data-element_type=\"column\">\n\t\t\t<div class=\"elementor-widget-wrap elementor-element-populated\">\n\t\t\t\t\t\t<div class=\"elementor-element elementor-element-20975c0 elementor-widget elementor-widget-text-editor\" data-id=\"20975c0\" data-element_type=\"widget\" data-widget_type=\"text-editor.default\">\n\t\t\t\t<div class=\"elementor-widget-container\">\n\t\t\t\t\t\t\t\t\t<p><b style=\"font-style: inherit; color: var(--ast-global-color-3);\">Det med sm\u00e5t &#8211; skriver jeg med stort::<\/b><\/p>\n<p style=\"overflow-wrap: break-word; box-sizing: inherit; text-size-adjust: 100%; line-height: 1.8; font-family: 'Open Sans', 'Open Sans', 'Helvetica Neue', Helvetica, 'sans-serif'; font-style: normal; font-size: 16px; color: #3c3c3c;\"><span style=\"overflow-wrap: inherit; box-sizing: inherit; text-size-adjust: none !important;\">Opstart er <b>GRATIS<\/b><\/span><\/p>\n<p style=\"overflow-wrap: break-word; box-sizing: inherit; text-size-adjust: 100%; line-height: 1.8; font-family: 'Open Sans', 'Open Sans', 'Helvetica Neue', Helvetica, 'sans-serif'; font-style: normal; font-size: 16px; color: #3c3c3c;\"><span style=\"font-weight: 400;\">Kopiering til din egen harddisk eller usb-pen er <\/span><b>GRATIS<\/b><\/p>\n<p style=\"overflow-wrap: break-word; box-sizing: inherit; text-size-adjust: 100%; line-height: 1.8; font-family: 'Open Sans', 'Open Sans', 'Helvetica Neue', Helvetica, 'sans-serif'; font-style: normal; font-size: 16px; color: #3c3c3c;\"><span style=\"font-weight: 400;\">\u00d8nsker du i stedet for et link til download er det <\/span><b>GRATIS<\/b><\/p>\n<p style=\"overflow-wrap: break-word; box-sizing: inherit; text-size-adjust: 100%; line-height: 1.8; font-family: 'Open Sans', 'Open Sans', 'Helvetica Neue', Helvetica, 'sans-serif'; font-style: normal; font-size: 16px; color: #3c3c3c;\"><span style=\"font-weight: 400;\">Er din film kn\u00e6kket eller beskadiget er der <\/span><b>INGEN TILL\u00c6G<\/b><\/p>\n<p style=\"overflow-wrap: break-word; box-sizing: inherit; text-size-adjust: 100%; line-height: 1.8; font-family: 'Open Sans', 'Open Sans', 'Helvetica Neue', Helvetica, 'sans-serif'; font-style: normal; font-size: 16px; color: #3c3c3c;\"><span style=\"font-weight: 400;\">Frem og tilbage spoling <\/span><b>INGEN TILL\u00c6G<\/b><\/p>\n<p style=\"overflow-wrap: break-word; box-sizing: inherit; text-size-adjust: 100%; line-height: 1.8; font-family: 'Open Sans', 'Open Sans', 'Helvetica Neue', Helvetica, 'sans-serif'; font-style: normal; font-size: 16px; color: #3c3c3c;\"><span style=\"font-weight: 400;\">Vi gemmer en sikker kopi af dine film <\/span><b>GRATIS<\/b><\/p>\n<p style=\"overflow-wrap: break-word; box-sizing: inherit; text-size-adjust: 100%; line-height: 1.8; font-family: 'Open Sans', 'Open Sans', 'Helvetica Neue', Helvetica, 'sans-serif'; font-style: normal; font-size: 16px; color: #3c3c3c;\"><span style=\"font-weight: 400;\">Bliver dine film v\u00e6k, kan du altid f\u00e5 dem igen <\/span><b>GRATIS<\/b><\/p>\n<p style=\"overflow-wrap: break-word; box-sizing: inherit; text-size-adjust: 100%; line-height: 1.8; font-family: 'Open Sans', 'Open Sans', 'Helvetica Neue', Helvetica, 'sans-serif'; font-style: normal; font-size: 16px; color: #3c3c3c;\">Er der 10 film eller flere er usb-pen&nbsp;<span style=\"font-weight: bold;\">GRATIS<\/span><\/p>\n<p style=\"overflow-wrap: break-word; box-sizing: inherit; text-size-adjust: 100%; line-height: 1.8; font-family: 'Open Sans', 'Open Sans', 'Helvetica Neue', Helvetica, 'sans-serif'; font-style: normal; font-size: 16px; color: #3c3c3c;\">Er der rigtig mange film og meget data f\u00e5r du en ssd-disk <b>GRATIS<\/b><\/p>\n<p style=\"overflow-wrap: break-word; box-sizing: inherit; text-size-adjust: 100%; line-height: 1.8; font-family: 'Open Sans', 'Open Sans', 'Helvetica Neue', Helvetica, 'sans-serif'; font-style: normal; font-size: 16px; color: #3c3c3c;\"><b>V<\/b>ed f\u00e6rre end 10 film kan du k\u00f8be en usb-pen for<b> 75 kr.<\/b><\/p>\n<p style=\"overflow-wrap: break-word; box-sizing: inherit; text-size-adjust: 100%; line-height: 1.8; font-family: 'Open Sans', 'Open Sans', 'Helvetica Neue', Helvetica, 'sans-serif'; font-style: normal; font-size: 16px; color: #3c3c3c;\"><b>Har du forskellige film, f.eks. b\u00e5de smalfilm og videob\u00e5nd, t\u00e6ller alle film med som antal, samlet i m\u00e6ngderabatterne<\/b><\/p>\t\t\t\t\t\t\t\t<\/div>\n\t\t\t\t<\/div>\n\t\t\t\t\t<\/div>\n\t\t<\/div>\n\t\t\t\t\t<\/div>\n\t\t<\/section>\n\t\t\t\t<section class=\"elementor-section elementor-inner-section elementor-element elementor-element-5c52f92 elementor-section-boxed elementor-section-height-default elementor-section-height-default\" data-id=\"5c52f92\" data-element_type=\"section\">\n\t\t\t\t\t\t<div class=\"elementor-container elementor-column-gap-default\">\n\t\t\t\t\t<div class=\"elementor-column elementor-col-20 elementor-inner-column elementor-element elementor-element-6ebe137\" data-id=\"6ebe137\" data-element_type=\"column\">\n\t\t\t<div class=\"elementor-widget-wrap elementor-element-populated\">\n\t\t\t\t\t\t<div class=\"elementor-element elementor-element-4f049e1 elementor-widget elementor-widget-image\" data-id=\"4f049e1\" data-element_type=\"widget\" data-widget_type=\"image.default\">\n\t\t\t\t<div class=\"elementor-widget-container\">\n\t\t\t\t\t\t\t\t\t\t\t\t\t\t\t<img decoding=\"async\" width=\"500\" height=\"333\" src=\"https:\/\/xn--fotografen-snderborg-mcc.dk\/wp-content\/uploads\/2023\/08\/Video-8-baand-Fotograf-Torben-Fischer-Soenderborg-7-web.png\" class=\"attachment-medium_large size-medium_large wp-image-5373\" alt=\"Video 8 b\u00e5nd Fotograf Torben Fischer S\u00f8nderborg 8 web\" srcset=\"https:\/\/xn--fotografen-snderborg-mcc.dk\/wp-content\/uploads\/2023\/08\/Video-8-baand-Fotograf-Torben-Fischer-Soenderborg-7-web.png 500w, https:\/\/xn--fotografen-snderborg-mcc.dk\/wp-content\/uploads\/2023\/08\/Video-8-baand-Fotograf-Torben-Fischer-Soenderborg-7-web-300x200.png 300w\" sizes=\"(max-width: 500px) 100vw, 500px\" \/>\t\t\t\t\t\t\t\t\t\t\t\t\t\t\t<\/div>\n\t\t\t\t<\/div>\n\t\t\t\t\t<\/div>\n\t\t<\/div>\n\t\t\t\t<div class=\"elementor-column elementor-col-20 elementor-inner-column elementor-element elementor-element-ea0e88c\" data-id=\"ea0e88c\" data-element_type=\"column\">\n\t\t\t<div class=\"elementor-widget-wrap elementor-element-populated\">\n\t\t\t\t\t\t<div class=\"elementor-element elementor-element-b55c723 elementor-widget elementor-widget-image\" data-id=\"b55c723\" data-element_type=\"widget\" data-widget_type=\"image.default\">\n\t\t\t\t<div class=\"elementor-widget-container\">\n\t\t\t\t\t\t\t\t\t\t\t\t\t\t\t<img loading=\"lazy\" decoding=\"async\" width=\"500\" height=\"347\" src=\"https:\/\/xn--fotografen-snderborg-mcc.dk\/wp-content\/uploads\/2023\/08\/Video-8-baand-Fotograf-Torben-Fischer-Soenderborg-4-web.png\" class=\"attachment-medium_large size-medium_large wp-image-5372\" alt=\"Video 8 b\u00e5nd Fotograf Torben Fischer S\u00f8nderborg 8 web\" srcset=\"https:\/\/xn--fotografen-snderborg-mcc.dk\/wp-content\/uploads\/2023\/08\/Video-8-baand-Fotograf-Torben-Fischer-Soenderborg-4-web.png 500w, https:\/\/xn--fotografen-snderborg-mcc.dk\/wp-content\/uploads\/2023\/08\/Video-8-baand-Fotograf-Torben-Fischer-Soenderborg-4-web-300x208.png 300w\" sizes=\"(max-width: 500px) 100vw, 500px\" \/>\t\t\t\t\t\t\t\t\t\t\t\t\t\t\t<\/div>\n\t\t\t\t<\/div>\n\t\t\t\t\t<\/div>\n\t\t<\/div>\n\t\t\t\t<div class=\"elementor-column elementor-col-20 elementor-inner-column elementor-element elementor-element-380768a\" data-id=\"380768a\" data-element_type=\"column\">\n\t\t\t<div class=\"elementor-widget-wrap elementor-element-populated\">\n\t\t\t\t\t\t<div class=\"elementor-element elementor-element-7853346 elementor-widget elementor-widget-image\" data-id=\"7853346\" data-element_type=\"widget\" data-widget_type=\"image.default\">\n\t\t\t\t<div class=\"elementor-widget-container\">\n\t\t\t\t\t\t\t\t\t\t\t\t\t\t\t<img loading=\"lazy\" decoding=\"async\" width=\"500\" height=\"362\" src=\"https:\/\/xn--fotografen-snderborg-mcc.dk\/wp-content\/uploads\/2023\/08\/Video-8-baand-Fotograf-Torben-Fischer-Soenderborg-3-web.png\" class=\"attachment-medium_large size-medium_large wp-image-5369\" alt=\"Video 8 b\u00e5nd Fotograf Torben Fischer S\u00f8nderborg 8 web\" srcset=\"https:\/\/xn--fotografen-snderborg-mcc.dk\/wp-content\/uploads\/2023\/08\/Video-8-baand-Fotograf-Torben-Fischer-Soenderborg-3-web.png 500w, https:\/\/xn--fotografen-snderborg-mcc.dk\/wp-content\/uploads\/2023\/08\/Video-8-baand-Fotograf-Torben-Fischer-Soenderborg-3-web-300x217.png 300w\" sizes=\"(max-width: 500px) 100vw, 500px\" \/>\t\t\t\t\t\t\t\t\t\t\t\t\t\t\t<\/div>\n\t\t\t\t<\/div>\n\t\t\t\t\t<\/div>\n\t\t<\/div>\n\t\t\t\t<div class=\"elementor-column elementor-col-20 elementor-inner-column elementor-element elementor-element-4fa2713\" data-id=\"4fa2713\" data-element_type=\"column\">\n\t\t\t<div class=\"elementor-widget-wrap elementor-element-populated\">\n\t\t\t\t\t\t<div class=\"elementor-element elementor-element-f8551e3 elementor-widget elementor-widget-image\" data-id=\"f8551e3\" data-element_type=\"widget\" data-widget_type=\"image.default\">\n\t\t\t\t<div class=\"elementor-widget-container\">\n\t\t\t\t\t\t\t\t\t\t\t\t\t\t\t<img loading=\"lazy\" decoding=\"async\" width=\"500\" height=\"351\" src=\"https:\/\/xn--fotografen-snderborg-mcc.dk\/wp-content\/uploads\/2023\/08\/Video-8-baand-Fotograf-Torben-Fischer-Soenderborg-5-web.png\" class=\"attachment-medium_large size-medium_large wp-image-5370\" alt=\"Video 8 b\u00e5nd Fotograf Torben Fischer S\u00f8nderborg 8 web\" srcset=\"https:\/\/xn--fotografen-snderborg-mcc.dk\/wp-content\/uploads\/2023\/08\/Video-8-baand-Fotograf-Torben-Fischer-Soenderborg-5-web.png 500w, https:\/\/xn--fotografen-snderborg-mcc.dk\/wp-content\/uploads\/2023\/08\/Video-8-baand-Fotograf-Torben-Fischer-Soenderborg-5-web-300x211.png 300w\" sizes=\"(max-width: 500px) 100vw, 500px\" \/>\t\t\t\t\t\t\t\t\t\t\t\t\t\t\t<\/div>\n\t\t\t\t<\/div>\n\t\t\t\t\t<\/div>\n\t\t<\/div>\n\t\t\t\t<div class=\"elementor-column elementor-col-20 elementor-inner-column elementor-element elementor-element-60a34ee\" data-id=\"60a34ee\" data-element_type=\"column\">\n\t\t\t<div class=\"elementor-widget-wrap elementor-element-populated\">\n\t\t\t\t\t\t<div class=\"elementor-element elementor-element-1ab9319 elementor-widget elementor-widget-image\" data-id=\"1ab9319\" data-element_type=\"widget\" data-widget_type=\"image.default\">\n\t\t\t\t<div class=\"elementor-widget-container\">\n\t\t\t\t\t\t\t\t\t\t\t\t\t\t\t<img loading=\"lazy\" decoding=\"async\" width=\"500\" height=\"347\" src=\"https:\/\/xn--fotografen-snderborg-mcc.dk\/wp-content\/uploads\/2023\/08\/Video-8-baand-Fotograf-Torben-Fischer-Soenderborg-6-web.png\" class=\"attachment-medium_large size-medium_large wp-image-5371\" alt=\"Video 8 b\u00e5nd Fotograf Torben Fischer S\u00f8nderborg 8 web\" srcset=\"https:\/\/xn--fotografen-snderborg-mcc.dk\/wp-content\/uploads\/2023\/08\/Video-8-baand-Fotograf-Torben-Fischer-Soenderborg-6-web.png 500w, https:\/\/xn--fotografen-snderborg-mcc.dk\/wp-content\/uploads\/2023\/08\/Video-8-baand-Fotograf-Torben-Fischer-Soenderborg-6-web-300x208.png 300w\" sizes=\"(max-width: 500px) 100vw, 500px\" \/>\t\t\t\t\t\t\t\t\t\t\t\t\t\t\t<\/div>\n\t\t\t\t<\/div>\n\t\t\t\t\t<\/div>\n\t\t<\/div>\n\t\t\t\t\t<\/div>\n\t\t<\/section>\n\t\t\t\t\t<\/div>\n\t\t<\/div>\n\t\t\t\t\t<\/div>\n\t\t<\/section>\n\t\t\t\t<\/div>\n\t\t","protected":false},"excerpt":{"rendered":"<p>Overspilning, Digitalisering, Kopiering af Video 8, Hi 8, digital 8 b\u00e5nd Det er en nem sag for dig, at f\u00e5 kopieret dine videob\u00e5nd til digital, s\u00e5 du kan se dine film p\u00e5 computer, tablet, tv eller andet. \u00a0 Du sender dine film til mig (Storegade 29, 6430 Nordborg), eller kommer ind med dem i en &hellip;<\/p>\n<p class=\"read-more\"> <a class=\"\" href=\"https:\/\/xn--fotografen-snderborg-mcc.dk\/?page_id=5172\"> <span class=\"screen-reader-text\">Video 8 og HI 8 kopiering<\/span> L\u00e6s mere &raquo;<\/a><\/p>\n","protected":false},"author":1,"featured_media":0,"parent":0,"menu_order":0,"comment_status":"closed","ping_status":"closed","template":"","meta":{"site-sidebar-layout":"no-sidebar","site-content-layout":"page-builder","ast-site-content-layout":"","site-content-style":"default","site-sidebar-style":"default","ast-global-header-display":"","ast-banner-title-visibility":"","ast-main-header-display":"","ast-hfb-above-header-display":"","ast-hfb-below-header-display":"","ast-hfb-mobile-header-display":"","site-post-title":"disabled","ast-breadcrumbs-content":"","ast-featured-img":"disabled","footer-sml-layout":"","theme-transparent-header-meta":"","adv-header-id-meta":"","stick-header-meta":"","header-above-stick-meta":"","header-main-stick-meta":"","header-below-stick-meta":"","astra-migrate-meta-layouts":"","footnotes":""},"class_list":["post-5172","page","type-page","status-publish","hentry"],"_links":{"self":[{"href":"https:\/\/xn--fotografen-snderborg-mcc.dk\/index.php?rest_route=\/wp\/v2\/pages\/5172","targetHints":{"allow":["GET"]}}],"collection":[{"href":"https:\/\/xn--fotografen-snderborg-mcc.dk\/index.php?rest_route=\/wp\/v2\/pages"}],"about":[{"href":"https:\/\/xn--fotografen-snderborg-mcc.dk\/index.php?rest_route=\/wp\/v2\/types\/page"}],"author":[{"embeddable":true,"href":"https:\/\/xn--fotografen-snderborg-mcc.dk\/index.php?rest_route=\/wp\/v2\/users\/1"}],"replies":[{"embeddable":true,"href":"https:\/\/xn--fotografen-snderborg-mcc.dk\/index.php?rest_route=%2Fwp%2Fv2%2Fcomments&post=5172"}],"version-history":[{"count":26,"href":"https:\/\/xn--fotografen-snderborg-mcc.dk\/index.php?rest_route=\/wp\/v2\/pages\/5172\/revisions"}],"predecessor-version":[{"id":5967,"href":"https:\/\/xn--fotografen-snderborg-mcc.dk\/index.php?rest_route=\/wp\/v2\/pages\/5172\/revisions\/5967"}],"wp:attachment":[{"href":"https:\/\/xn--fotografen-snderborg-mcc.dk\/index.php?rest_route=%2Fwp%2Fv2%2Fmedia&parent=5172"}],"curies":[{"name":"wp","href":"https:\/\/api.w.org\/{rel}","templated":true}]}}