{"id":5167,"date":"2023-08-19T20:40:19","date_gmt":"2023-08-19T20:40:19","guid":{"rendered":"https:\/\/xn--fotografen-snderborg-mcc.dk\/?page_id=5167"},"modified":"2025-06-14T07:38:19","modified_gmt":"2025-06-14T07:38:19","slug":"kassettebaand-kopiering","status":"publish","type":"page","link":"https:\/\/xn--fotografen-snderborg-mcc.dk\/?page_id=5167","title":{"rendered":"Kassetteb\u00e5nd kopiering"},"content":{"rendered":"\t\t<div data-elementor-type=\"wp-page\" data-elementor-id=\"5167\" class=\"elementor elementor-5167\" data-elementor-post-type=\"page\">\n\t\t\t\t\t\t<section class=\"elementor-section elementor-top-section elementor-element elementor-element-6a4cdbd elementor-section-boxed elementor-section-height-default elementor-section-height-default\" data-id=\"6a4cdbd\" data-element_type=\"section\">\n\t\t\t\t\t\t<div class=\"elementor-container elementor-column-gap-default\">\n\t\t\t\t\t<div class=\"elementor-column elementor-col-100 elementor-top-column elementor-element elementor-element-597f097\" data-id=\"597f097\" data-element_type=\"column\">\n\t\t\t<div class=\"elementor-widget-wrap elementor-element-populated\">\n\t\t\t\t\t\t<section class=\"elementor-section elementor-inner-section elementor-element elementor-element-7ad8284 elementor-section-boxed elementor-section-height-default elementor-section-height-default\" data-id=\"7ad8284\" data-element_type=\"section\">\n\t\t\t\t\t\t<div class=\"elementor-container elementor-column-gap-default\">\n\t\t\t\t\t<div class=\"elementor-column elementor-col-50 elementor-inner-column elementor-element elementor-element-8f1521e\" data-id=\"8f1521e\" data-element_type=\"column\">\n\t\t\t<div class=\"elementor-widget-wrap elementor-element-populated\">\n\t\t\t\t\t\t<section class=\"elementor-section elementor-inner-section elementor-element elementor-element-80b0e6f elementor-section-boxed elementor-section-height-default elementor-section-height-default\" data-id=\"80b0e6f\" data-element_type=\"section\">\n\t\t\t\t\t\t<div class=\"elementor-container elementor-column-gap-default\">\n\t\t\t\t\t<div class=\"elementor-column elementor-col-100 elementor-inner-column elementor-element elementor-element-0f5c1c8\" data-id=\"0f5c1c8\" data-element_type=\"column\">\n\t\t\t<div class=\"elementor-widget-wrap elementor-element-populated\">\n\t\t\t\t\t\t<div class=\"elementor-element elementor-element-0025d71 elementor-widget elementor-widget-heading\" data-id=\"0025d71\" data-element_type=\"widget\" data-widget_type=\"heading.default\">\n\t\t\t\t<div class=\"elementor-widget-container\">\n\t\t\t\t\t<h1 class=\"elementor-heading-title elementor-size-large\">Kopiering - overspilning - digitalisering af kassetteb\u00e5nd<\/h1>\t\t\t\t<\/div>\n\t\t\t\t<\/div>\n\t\t\t\t<div class=\"elementor-element elementor-element-35cf9e7 elementor-widget elementor-widget-text-editor\" data-id=\"35cf9e7\" data-element_type=\"widget\" data-widget_type=\"text-editor.default\">\n\t\t\t\t<div class=\"elementor-widget-container\">\n\t\t\t\t\t\t\t\t\t<p>Det er en nem sag for dig, at f\u00e5 kopieret dine kassetteb\u00e5nd.<\/p><h2 style=\"overflow-wrap: inherit; box-sizing: inherit; margin-bottom: 0px; font-size: 16px; color: #3c3c3c; font-family: 'Open Sans', 'Open Sans', 'Helvetica Neue', Helvetica, 'sans-serif'; font-style: normal; text-size-adjust: none !important;\"><span style=\"overflow-wrap: inherit; box-sizing: inherit; line-height: 1.2; text-size-adjust: none !important;\">F\u00e5 kopieret dine kassetteb\u00e5nd s\u00e5 du kan bevare dem i mange \u00e5r fremover, uden forringelse af lydkvaliteten. Vi laver en fil til dig, som du ogs\u00e5 kan dele med din familie. Kassetteb\u00e5nd er efterh\u00e5nden ved at udg\u00e5, og mange optagelser er meget gamle. Jo \u00e6ldre de er, jo st\u00f8rre er chancen for at de med tiden bliver meget ringe.<\/span><\/h2><div><span style=\"overflow-wrap: inherit; box-sizing: inherit; line-height: 1.2; text-size-adjust: none !important;\">\u00a0<\/span><\/div><h2 style=\"overflow-wrap: inherit; box-sizing: inherit; margin-bottom: 0px; font-size: 16px; color: #3c3c3c; font-family: 'Open Sans', 'Open Sans', 'Helvetica Neue', Helvetica, 'sans-serif'; font-style: normal; text-size-adjust: none !important;\"><span style=\"overflow-wrap: inherit; box-sizing: inherit; line-height: 1.2; text-size-adjust: none !important;\">Har du optagelser fra dit barns f\u00f8rste lyde, tale, sang, lege og andet, eller m\u00e5ske dimissionstalen, teatersange og tale, juleaftenens sange med familien? Eller m\u00e5ske har du optaget dig selv eller dine b\u00f8rn n\u00e5r I har spillet musik. Godnathistorier som du selv har indtalt til dine b\u00f8rn er ogs\u00e5 sp\u00e6ndende for dine b\u00f8rneb\u00f8rn i dag. Farfar lavede en tale til konfirmationen og mor lavede en tale til brylluppet. Der kan v\u00e6re mange gode minder gemt i de gamle kassetteb\u00e5nd.<\/span><\/h2>\t\t\t\t\t\t\t\t<\/div>\n\t\t\t\t<\/div>\n\t\t\t\t<div class=\"elementor-element elementor-element-2deafc3 elementor-widget elementor-widget-text-editor\" data-id=\"2deafc3\" data-element_type=\"widget\" data-widget_type=\"text-editor.default\">\n\t\t\t\t<div class=\"elementor-widget-container\">\n\t\t\t\t\t\t\t\t\t<ol>\n<li>Du sender dine b\u00e5nd til mig (Storegade 29, 6430 Nordborg), eller kommer ind med dem i en af vore butikker i S\u00f8nderborg eller Nordborg&nbsp;<em>( butikken i Tinglev ved Aabenraa er midlertidigt flyttet til S\u00f8nderborg)<\/em><\/li>\n<li>Vi aftaler, hvad der skal laves<\/li>\n<li>Jeg sender dig en faktura<\/li>\n<li>Jeg sender b\u00e5ndene retur, eller du henter dem igen, sammen med dit USB-pen eller hvad vi nu har aftalt<\/li>\n<li>Og det var det!<\/li>\n<\/ol><div><span class=\"textheading1\" style=\"font-size: 16px; font-weight: bold; font-style: italic;\">Vi kopierer alt video-, film-, lyd-, negativ- og billedmateriale&nbsp; her i firmaet. Vi videresender ikke til en anden producent. S\u00e5 vi har selv styr p\u00e5 kvaliteten, og mister intet ved forsendelse.<\/span><\/div>\t\t\t\t\t\t\t\t<\/div>\n\t\t\t\t<\/div>\n\t\t\t\t\t<\/div>\n\t\t<\/div>\n\t\t\t\t\t<\/div>\n\t\t<\/section>\n\t\t\t\t\t<\/div>\n\t\t<\/div>\n\t\t\t\t<div class=\"elementor-column elementor-col-50 elementor-inner-column elementor-element elementor-element-f8ef9f6\" data-id=\"f8ef9f6\" data-element_type=\"column\">\n\t\t\t<div class=\"elementor-widget-wrap elementor-element-populated\">\n\t\t\t\t\t\t<div class=\"elementor-element elementor-element-6be7365 elementor-invisible elementor-widget elementor-widget-image\" data-id=\"6be7365\" data-element_type=\"widget\" data-settings=\"{&quot;_animation&quot;:&quot;rollIn&quot;}\" data-widget_type=\"image.default\">\n\t\t\t\t<div class=\"elementor-widget-container\">\n\t\t\t\t\t\t\t\t\t\t\t\t\t\t\t<img fetchpriority=\"high\" decoding=\"async\" width=\"768\" height=\"515\" src=\"https:\/\/xn--fotografen-snderborg-mcc.dk\/wp-content\/uploads\/2023\/08\/Kassetteband-mix-billede-web-1-768x515.png\" class=\"attachment-medium_large size-medium_large wp-image-5130\" alt=\"Kassetteb\u00e5nd kopiering fotograf Torben Fischer S\u00f8nderborg\" srcset=\"https:\/\/xn--fotografen-snderborg-mcc.dk\/wp-content\/uploads\/2023\/08\/Kassetteband-mix-billede-web-1-768x515.png 768w, https:\/\/xn--fotografen-snderborg-mcc.dk\/wp-content\/uploads\/2023\/08\/Kassetteband-mix-billede-web-1-300x201.png 300w, https:\/\/xn--fotografen-snderborg-mcc.dk\/wp-content\/uploads\/2023\/08\/Kassetteband-mix-billede-web-1.png 1000w\" sizes=\"(max-width: 768px) 100vw, 768px\" \/>\t\t\t\t\t\t\t\t\t\t\t\t\t\t\t<\/div>\n\t\t\t\t<\/div>\n\t\t\t\t<div class=\"elementor-element elementor-element-35414ea elementor-widget elementor-widget-text-editor\" data-id=\"35414ea\" data-element_type=\"widget\" data-widget_type=\"text-editor.default\">\n\t\t\t\t<div class=\"elementor-widget-container\">\n\t\t\t\t\t\t\t\t\t<p><span style=\"color: #3c3c3c; font-family: 'Open Sans', 'Open Sans', 'Helvetica Neue', Helvetica, 'sans-serif'; font-size: 16px;\">Opstart pr. bestilling 50 kr.<\/span><\/p>\n<p style=\"overflow-wrap: break-word; box-sizing: inherit; text-size-adjust: 100%; line-height: 1.8; font-family: 'Open Sans', 'Open Sans', 'Helvetica Neue', Helvetica, 'sans-serif'; font-style: normal; font-size: 16px; font-weight: 400; color: #3c3c3c;\"><span style=\"overflow-wrap: inherit; box-sizing: inherit; text-size-adjust: none !important;\">Pris pr. kassetteb\u00e5nd, uanset l\u00e6ngde:<\/span><\/p>\n<ul style=\"overflow-wrap: inherit; box-sizing: inherit; margin-bottom: 0px; margin-left: 0px; list-style-position: outside; overflow: hidden; color: #3c3c3c; font-family: 'Open Sans', 'Open Sans', 'Helvetica Neue', Helvetica, 'sans-serif'; font-size: 14px; font-style: normal; font-weight: 400; text-size-adjust: none !important;\">\n<li style=\"overflow-wrap: break-word; box-sizing: inherit; margin-left: 2.4em; text-size-adjust: 100%; line-height: 1.8; font-style: normal; font-size: 16px; font-weight: normal;\"><span style=\"overflow-wrap: inherit; box-sizing: inherit; text-size-adjust: none !important;\">1-9 stk. 75 kr.<\/span><\/li>\n<li style=\"overflow-wrap: break-word; box-sizing: inherit; margin-left: 2.4em; text-size-adjust: 100%; line-height: 1.8; font-style: normal; font-size: 16px; font-weight: normal;\"><span style=\"overflow-wrap: inherit; box-sizing: inherit; text-size-adjust: none !important;\">10-19 stk. 65 kr.<\/span><\/li>\n<li style=\"overflow-wrap: break-word; box-sizing: inherit; margin-left: 2.4em; text-size-adjust: 100%; line-height: 1.8; font-style: normal; font-size: 16px; font-weight: normal;\"><span style=\"overflow-wrap: inherit; box-sizing: inherit; text-size-adjust: none !important;\">20 eller flere 50 kr.<\/span><\/li>\n<li style=\"overflow-wrap: inherit; box-sizing: inherit; margin-left: 2.4em; text-size-adjust: none !important;\"><span style=\"overflow-wrap: inherit; box-sizing: inherit; text-size-adjust: none !important;\">Der optages 1 mp3 fil pr. b\u00e5nd (det vil sige begge sider p\u00e5 1 fil ialt).<\/span><\/li>\n<li style=\"overflow-wrap: inherit; box-sizing: inherit; margin-left: 2.4em; text-size-adjust: none !important;\"><span style=\"overflow-wrap: inherit; box-sizing: inherit; text-size-adjust: none !important;\">Optagelserne er ikke separeret, men er ud i 1 lang optagelse.<\/span><\/li>\n<li style=\"overflow-wrap: inherit; box-sizing: inherit; margin-left: 2.4em; text-size-adjust: none !important;\"><span style=\"overflow-wrap: inherit; box-sizing: inherit; text-size-adjust: none !important;\">\u00d8nsker du en separering, f.eks. hvis du vil have morfars tale og moster Pias tale p\u00e5 hver deres fil, eller side 1 og 2 opdelt i 2 filer, er der et till\u00e6g p\u00e5 20 kr. pr. separering.<\/span><\/li>\n<\/ul>\t\t\t\t\t\t\t\t<\/div>\n\t\t\t\t<\/div>\n\t\t\t\t\t<\/div>\n\t\t<\/div>\n\t\t\t\t\t<\/div>\n\t\t<\/section>\n\t\t\t\t\t<\/div>\n\t\t<\/div>\n\t\t\t\t\t<\/div>\n\t\t<\/section>\n\t\t\t\t<\/div>\n\t\t","protected":false},"excerpt":{"rendered":"<p>Kopiering &#8211; overspilning &#8211; digitalisering af kassetteb\u00e5nd Det er en nem sag for dig, at f\u00e5 kopieret dine kassetteb\u00e5nd. F\u00e5 kopieret dine kassetteb\u00e5nd s\u00e5 du kan bevare dem i mange \u00e5r fremover, uden forringelse af lydkvaliteten. Vi laver en fil til dig, som du ogs\u00e5 kan dele med din familie. Kassetteb\u00e5nd er efterh\u00e5nden ved at &hellip;<\/p>\n<p class=\"read-more\"> <a class=\"\" href=\"https:\/\/xn--fotografen-snderborg-mcc.dk\/?page_id=5167\"> <span class=\"screen-reader-text\">Kassetteb\u00e5nd kopiering<\/span> L\u00e6s mere &raquo;<\/a><\/p>\n","protected":false},"author":1,"featured_media":0,"parent":0,"menu_order":0,"comment_status":"closed","ping_status":"closed","template":"","meta":{"site-sidebar-layout":"no-sidebar","site-content-layout":"page-builder","ast-site-content-layout":"","site-content-style":"default","site-sidebar-style":"default","ast-global-header-display":"","ast-banner-title-visibility":"","ast-main-header-display":"","ast-hfb-above-header-display":"","ast-hfb-below-header-display":"","ast-hfb-mobile-header-display":"","site-post-title":"disabled","ast-breadcrumbs-content":"","ast-featured-img":"disabled","footer-sml-layout":"","theme-transparent-header-meta":"","adv-header-id-meta":"","stick-header-meta":"","header-above-stick-meta":"","header-main-stick-meta":"","header-below-stick-meta":"","astra-migrate-meta-layouts":"","footnotes":""},"class_list":["post-5167","page","type-page","status-publish","hentry"],"_links":{"self":[{"href":"https:\/\/xn--fotografen-snderborg-mcc.dk\/index.php?rest_route=\/wp\/v2\/pages\/5167","targetHints":{"allow":["GET"]}}],"collection":[{"href":"https:\/\/xn--fotografen-snderborg-mcc.dk\/index.php?rest_route=\/wp\/v2\/pages"}],"about":[{"href":"https:\/\/xn--fotografen-snderborg-mcc.dk\/index.php?rest_route=\/wp\/v2\/types\/page"}],"author":[{"embeddable":true,"href":"https:\/\/xn--fotografen-snderborg-mcc.dk\/index.php?rest_route=\/wp\/v2\/users\/1"}],"replies":[{"embeddable":true,"href":"https:\/\/xn--fotografen-snderborg-mcc.dk\/index.php?rest_route=%2Fwp%2Fv2%2Fcomments&post=5167"}],"version-history":[{"count":19,"href":"https:\/\/xn--fotografen-snderborg-mcc.dk\/index.php?rest_route=\/wp\/v2\/pages\/5167\/revisions"}],"predecessor-version":[{"id":5899,"href":"https:\/\/xn--fotografen-snderborg-mcc.dk\/index.php?rest_route=\/wp\/v2\/pages\/5167\/revisions\/5899"}],"wp:attachment":[{"href":"https:\/\/xn--fotografen-snderborg-mcc.dk\/index.php?rest_route=%2Fwp%2Fv2%2Fmedia&parent=5167"}],"curies":[{"name":"wp","href":"https:\/\/api.w.org\/{rel}","templated":true}]}}