{"id":5165,"date":"2023-08-19T20:40:35","date_gmt":"2023-08-19T20:40:35","guid":{"rendered":"https:\/\/xn--fotografen-snderborg-mcc.dk\/?page_id=5165"},"modified":"2026-04-14T11:16:51","modified_gmt":"2026-04-14T11:16:51","slug":"mini-dv-og-dv-baand-kopiering","status":"publish","type":"page","link":"https:\/\/xn--fotografen-snderborg-mcc.dk\/?page_id=5165","title":{"rendered":"Mini dv og dv b\u00e5nd kopiering"},"content":{"rendered":"\t\t<div data-elementor-type=\"wp-page\" data-elementor-id=\"5165\" class=\"elementor elementor-5165\" data-elementor-post-type=\"page\">\n\t\t\t\t\t\t<section class=\"elementor-section elementor-top-section elementor-element elementor-element-477421a elementor-section-boxed elementor-section-height-default elementor-section-height-default\" data-id=\"477421a\" data-element_type=\"section\">\n\t\t\t\t\t\t<div class=\"elementor-container elementor-column-gap-default\">\n\t\t\t\t\t<div class=\"elementor-column elementor-col-100 elementor-top-column elementor-element elementor-element-7e3476b\" data-id=\"7e3476b\" data-element_type=\"column\">\n\t\t\t<div class=\"elementor-widget-wrap elementor-element-populated\">\n\t\t\t\t\t\t<section class=\"elementor-section elementor-inner-section elementor-element elementor-element-ef9d107 elementor-section-boxed elementor-section-height-default elementor-section-height-default\" data-id=\"ef9d107\" data-element_type=\"section\">\n\t\t\t\t\t\t<div class=\"elementor-container elementor-column-gap-default\">\n\t\t\t\t\t<div class=\"elementor-column elementor-col-50 elementor-inner-column elementor-element elementor-element-208e96c\" data-id=\"208e96c\" data-element_type=\"column\">\n\t\t\t<div class=\"elementor-widget-wrap elementor-element-populated\">\n\t\t\t\t\t\t<section class=\"elementor-section elementor-inner-section elementor-element elementor-element-839f7d0 elementor-section-boxed elementor-section-height-default elementor-section-height-default\" data-id=\"839f7d0\" data-element_type=\"section\">\n\t\t\t\t\t\t<div class=\"elementor-container elementor-column-gap-default\">\n\t\t\t\t\t<div class=\"elementor-column elementor-col-100 elementor-inner-column elementor-element elementor-element-281c616\" data-id=\"281c616\" data-element_type=\"column\">\n\t\t\t<div class=\"elementor-widget-wrap elementor-element-populated\">\n\t\t\t\t\t\t<div class=\"elementor-element elementor-element-493c67c elementor-widget elementor-widget-heading\" data-id=\"493c67c\" data-element_type=\"widget\" data-widget_type=\"heading.default\">\n\t\t\t\t<div class=\"elementor-widget-container\">\n\t\t\t\t\t<h1 class=\"elementor-heading-title elementor-size-large\">Overspilning - Digitalisering - Kopiering af mini dv og dv b\u00e5nd<\/h1>\t\t\t\t<\/div>\n\t\t\t\t<\/div>\n\t\t\t\t<div class=\"elementor-element elementor-element-88ddcbd elementor-widget elementor-widget-text-editor\" data-id=\"88ddcbd\" data-element_type=\"widget\" data-widget_type=\"text-editor.default\">\n\t\t\t\t<div class=\"elementor-widget-container\">\n\t\t\t\t\t\t\t\t\t<p>Det er en let sag for dig, at f\u00e5 kopieret dine dv b\u00e5nd til digital, s\u00e5 du kan se dine film p\u00e5 computer, tablet, tv eller andet.<\/p><p>\u00a0<\/p>\t\t\t\t\t\t\t\t<\/div>\n\t\t\t\t<\/div>\n\t\t\t\t<div class=\"elementor-element elementor-element-5adf573 elementor-widget elementor-widget-text-editor\" data-id=\"5adf573\" data-element_type=\"widget\" data-widget_type=\"text-editor.default\">\n\t\t\t\t<div class=\"elementor-widget-container\">\n\t\t\t\t\t\t\t\t\t<ol><li>Du sender dine film til mig (Storegade 29, 6430 Nordborg), eller kommer ind med dem i en af vore butikker i S\u00f8nderborg eller Nordborg\u00a0<\/li><li>Vi aftaler, hvad der skal laves<\/li><li>Jeg sender dig en faktura<\/li><li>Jeg sender filmene retur, eller du henter dem igen, sammen med dit USB-pen eller hvad vi nu har aftalt<\/li><li>Og det var det!<\/li><\/ol><p><span class=\"textheading1\" style=\"font-size: 16px; font-weight: bold; font-style: italic;\">Vi kopierer alt video-, film-, lyd-, negativ- og billedmateriale\u00a0 her i firmaet. Vi videresender ikke til en anden producent. S\u00e5 vi har selv styr p\u00e5 kvaliteten, og mister intet ved forsendelse.<\/span><\/p>\t\t\t\t\t\t\t\t<\/div>\n\t\t\t\t<\/div>\n\t\t\t\t\t<\/div>\n\t\t<\/div>\n\t\t\t\t\t<\/div>\n\t\t<\/section>\n\t\t\t\t\t<\/div>\n\t\t<\/div>\n\t\t\t\t<div class=\"elementor-column elementor-col-50 elementor-inner-column elementor-element elementor-element-ba1a92d\" data-id=\"ba1a92d\" data-element_type=\"column\">\n\t\t\t<div class=\"elementor-widget-wrap elementor-element-populated\">\n\t\t\t\t\t\t<div class=\"elementor-element elementor-element-083ebe3 elementor-invisible elementor-widget elementor-widget-image\" data-id=\"083ebe3\" data-element_type=\"widget\" data-settings=\"{&quot;_animation&quot;:&quot;rollIn&quot;}\" data-widget_type=\"image.default\">\n\t\t\t\t<div class=\"elementor-widget-container\">\n\t\t\t\t\t\t\t\t\t\t\t\t\t\t\t<img fetchpriority=\"high\" decoding=\"async\" width=\"768\" height=\"584\" src=\"https:\/\/xn--fotografen-snderborg-mcc.dk\/wp-content\/uploads\/2023\/08\/dv-baand-kopiering-fotograf-Torben-Fischer-Soenderborg-768x584.png\" class=\"attachment-medium_large size-medium_large wp-image-5200\" alt=\"\" srcset=\"https:\/\/xn--fotografen-snderborg-mcc.dk\/wp-content\/uploads\/2023\/08\/dv-baand-kopiering-fotograf-Torben-Fischer-Soenderborg-768x584.png 768w, https:\/\/xn--fotografen-snderborg-mcc.dk\/wp-content\/uploads\/2023\/08\/dv-baand-kopiering-fotograf-Torben-Fischer-Soenderborg-300x228.png 300w, https:\/\/xn--fotografen-snderborg-mcc.dk\/wp-content\/uploads\/2023\/08\/dv-baand-kopiering-fotograf-Torben-Fischer-Soenderborg-1024x779.png 1024w, https:\/\/xn--fotografen-snderborg-mcc.dk\/wp-content\/uploads\/2023\/08\/dv-baand-kopiering-fotograf-Torben-Fischer-Soenderborg.png 1134w\" sizes=\"(max-width: 768px) 100vw, 768px\" \/>\t\t\t\t\t\t\t\t\t\t\t\t\t\t\t<\/div>\n\t\t\t\t<\/div>\n\t\t\t\t\t<\/div>\n\t\t<\/div>\n\t\t\t\t\t<\/div>\n\t\t<\/section>\n\t\t\t\t\t<\/div>\n\t\t<\/div>\n\t\t\t\t\t<\/div>\n\t\t<\/section>\n\t\t\t\t<section class=\"elementor-section elementor-top-section elementor-element elementor-element-1537058 elementor-section-boxed elementor-section-height-default elementor-section-height-default\" data-id=\"1537058\" data-element_type=\"section\">\n\t\t\t\t\t\t<div class=\"elementor-container elementor-column-gap-default\">\n\t\t\t\t\t<div class=\"elementor-column elementor-col-100 elementor-top-column elementor-element elementor-element-588cac2\" data-id=\"588cac2\" data-element_type=\"column\">\n\t\t\t<div class=\"elementor-widget-wrap elementor-element-populated\">\n\t\t\t\t\t\t<section class=\"elementor-section elementor-inner-section elementor-element elementor-element-f5e1d61 elementor-section-boxed elementor-section-height-default elementor-section-height-default\" data-id=\"f5e1d61\" data-element_type=\"section\">\n\t\t\t\t\t\t<div class=\"elementor-container elementor-column-gap-default\">\n\t\t\t\t\t<div class=\"elementor-column elementor-col-50 elementor-inner-column elementor-element elementor-element-336dc3c\" data-id=\"336dc3c\" data-element_type=\"column\">\n\t\t\t<div class=\"elementor-widget-wrap elementor-element-populated\">\n\t\t\t\t\t\t<div class=\"elementor-element elementor-element-26c195c elementor-widget elementor-widget-text-editor\" data-id=\"26c195c\" data-element_type=\"widget\" data-widget_type=\"text-editor.default\">\n\t\t\t\t<div class=\"elementor-widget-container\">\n\t\t\t\t\t\t\t\t\t<p><b style=\"font-style: inherit; color: var(--ast-global-color-3);\">Priserne:<\/b><\/p>\n<p style=\"overflow-wrap: break-word; box-sizing: inherit; text-size-adjust: 100%; line-height: 1.8; font-family: 'Open Sans', 'Open Sans', 'Helvetica Neue', Helvetica, 'sans-serif'; font-style: normal; font-size: 16px; font-weight: 400; color: #3c3c3c;\">1 b\u00e5nd&nbsp; &nbsp; &nbsp; &nbsp; 175 kr.<\/p>\n<p style=\"overflow-wrap: break-word; box-sizing: inherit; text-size-adjust: 100%; line-height: 1.8; font-family: 'Open Sans', 'Open Sans', 'Helvetica Neue', Helvetica, 'sans-serif'; font-style: normal; font-size: 16px; font-weight: 400; color: #3c3c3c;\">2-9 b\u00e5nd&nbsp; &nbsp; &nbsp;145 kr. pr. b\u00e5nd<\/p>\n<p style=\"overflow-wrap: break-word; box-sizing: inherit; text-size-adjust: 100%; line-height: 1.8; font-family: 'Open Sans', 'Open Sans', 'Helvetica Neue', Helvetica, 'sans-serif'; font-style: normal; font-size: 16px; font-weight: 400; color: #3c3c3c;\">10-29 b\u00e5nd 125 kr. pr. b\u00e5nd<\/p>\n<p style=\"overflow-wrap: break-word; box-sizing: inherit; text-size-adjust: 100%; line-height: 1.8; font-family: 'Open Sans', 'Open Sans', 'Helvetica Neue', Helvetica, 'sans-serif'; font-style: normal; font-size: 16px; font-weight: 400; color: #3c3c3c;\">30-49 b\u00e5nd&nbsp; &nbsp;95 kr. pr. b\u00e5nd<\/p>\n<p style=\"overflow-wrap: break-word; box-sizing: inherit; text-size-adjust: 100%; line-height: 1.8; font-family: 'Open Sans', 'Open Sans', 'Helvetica Neue', Helvetica, 'sans-serif'; font-style: normal; font-size: 16px; font-weight: 400; color: #3c3c3c;\">50-74 b\u00e5nd&nbsp; &nbsp;85 kr. pr. b\u00e5nd<\/p>\n<p>75-99 b\u00e5nd&nbsp; &nbsp;75 kr. pr. b\u00e5nd<\/p>\n<p>100+ b\u00e5nd&nbsp; &nbsp; 65 kr. pr. b\u00e5nd<\/p><p><br><\/p><p style=\"overflow-wrap: break-word; box-sizing: inherit; text-size-adjust: 100%; line-height: 1.8; font-family: &quot;Open Sans&quot;, &quot;Helvetica Neue&quot;, Helvetica, &quot;sans-serif&quot;; font-style: normal; font-size: 16px; font-weight: 400; color: rgb(60, 60, 60);\"><span style=\"overflow-wrap: inherit; box-sizing: inherit; text-size-adjust: none !important;\">Leveres som mp4 i h\u00f8j opl\u00f8sning:<\/span><\/p><p style=\"overflow-wrap: break-word; box-sizing: inherit; text-size-adjust: 100%; line-height: 1.8; font-family: &quot;Open Sans&quot;, &quot;Helvetica Neue&quot;, Helvetica, &quot;sans-serif&quot;; font-style: normal; font-size: 16px; font-weight: 400; color: rgb(60, 60, 60);\"><span style=\"overflow-wrap: inherit; box-sizing: inherit; text-size-adjust: none !important;\">1920&#215;1080 ved 16:9 optagelser og 1440&#215;1080 ved 4:3 optagelser<\/span><\/p>\n<p style=\"overflow-wrap: break-word; box-sizing: inherit; text-size-adjust: 100%; line-height: 1.8; font-family: 'Open Sans', 'Open Sans', 'Helvetica Neue', Helvetica, 'sans-serif'; font-style: normal; font-size: 16px; font-weight: 400; color: #3c3c3c;\">\n<\/p>\t\t\t\t\t\t\t\t<\/div>\n\t\t\t\t<\/div>\n\t\t\t\t<div class=\"elementor-element elementor-element-7040320 elementor-widget__width-initial elementor-widget elementor-widget-image\" data-id=\"7040320\" data-element_type=\"widget\" data-widget_type=\"image.default\">\n\t\t\t\t<div class=\"elementor-widget-container\">\n\t\t\t\t\t\t\t\t\t\t\t\t\t\t\t<img decoding=\"async\" width=\"768\" height=\"687\" src=\"https:\/\/xn--fotografen-snderborg-mcc.dk\/wp-content\/uploads\/2023\/08\/Mini-dv-baand-fotograf-Torben-Fischer-web-768x687.png\" class=\"attachment-medium_large size-medium_large wp-image-5201\" alt=\"\" srcset=\"https:\/\/xn--fotografen-snderborg-mcc.dk\/wp-content\/uploads\/2023\/08\/Mini-dv-baand-fotograf-Torben-Fischer-web-768x687.png 768w, https:\/\/xn--fotografen-snderborg-mcc.dk\/wp-content\/uploads\/2023\/08\/Mini-dv-baand-fotograf-Torben-Fischer-web-300x268.png 300w, https:\/\/xn--fotografen-snderborg-mcc.dk\/wp-content\/uploads\/2023\/08\/Mini-dv-baand-fotograf-Torben-Fischer-web.png 1000w\" sizes=\"(max-width: 768px) 100vw, 768px\" \/>\t\t\t\t\t\t\t\t\t\t\t\t\t\t\t<\/div>\n\t\t\t\t<\/div>\n\t\t\t\t\t<\/div>\n\t\t<\/div>\n\t\t\t\t<div class=\"elementor-column elementor-col-50 elementor-inner-column elementor-element elementor-element-666c314\" data-id=\"666c314\" data-element_type=\"column\">\n\t\t\t<div class=\"elementor-widget-wrap elementor-element-populated\">\n\t\t\t\t\t\t<div class=\"elementor-element elementor-element-0f319f1 elementor-widget elementor-widget-text-editor\" data-id=\"0f319f1\" data-element_type=\"widget\" data-widget_type=\"text-editor.default\">\n\t\t\t\t<div class=\"elementor-widget-container\">\n\t\t\t\t\t\t\t\t\t<p><b style=\"font-style: inherit; color: var(--ast-global-color-3);\">Det med sm\u00e5t &#8211; skriver jeg med stort::<\/b><\/p>\n<p style=\"overflow-wrap: break-word; box-sizing: inherit; text-size-adjust: 100%; line-height: 1.8; font-family: 'Open Sans', 'Open Sans', 'Helvetica Neue', Helvetica, 'sans-serif'; font-style: normal; font-size: 16px; color: #3c3c3c;\"><span style=\"overflow-wrap: inherit; box-sizing: inherit; text-size-adjust: none !important;\">Opstart er <b>GRATIS<\/b><\/span><\/p>\n<p style=\"overflow-wrap: break-word; box-sizing: inherit; text-size-adjust: 100%; line-height: 1.8; font-family: 'Open Sans', 'Open Sans', 'Helvetica Neue', Helvetica, 'sans-serif'; font-style: normal; font-size: 16px; color: #3c3c3c;\"><span style=\"font-weight: 400;\">Kopiering til din egen harddisk eller usb-pen er <\/span><b>GRATIS<\/b><\/p>\n<p style=\"overflow-wrap: break-word; box-sizing: inherit; text-size-adjust: 100%; line-height: 1.8; font-family: 'Open Sans', 'Open Sans', 'Helvetica Neue', Helvetica, 'sans-serif'; font-style: normal; font-size: 16px; color: #3c3c3c;\"><span style=\"font-weight: 400;\">\u00d8nsker du i stedet for et link til download er det <\/span><b>GRATIS<\/b><\/p>\n<p style=\"overflow-wrap: break-word; box-sizing: inherit; text-size-adjust: 100%; line-height: 1.8; font-family: 'Open Sans', 'Open Sans', 'Helvetica Neue', Helvetica, 'sans-serif'; font-style: normal; font-size: 16px; color: #3c3c3c;\"><span style=\"font-weight: 400;\">Er din film kn\u00e6kket eller beskadiget er der <\/span><b>INGEN TILL\u00c6G<\/b><\/p>\n<p style=\"overflow-wrap: break-word; box-sizing: inherit; text-size-adjust: 100%; line-height: 1.8; font-family: 'Open Sans', 'Open Sans', 'Helvetica Neue', Helvetica, 'sans-serif'; font-style: normal; font-size: 16px; color: #3c3c3c;\"><span style=\"font-weight: 400;\">Frem og tilbage spoling <\/span><b>INGEN TILL\u00c6G<\/b><\/p>\n<p style=\"overflow-wrap: break-word; box-sizing: inherit; text-size-adjust: 100%; line-height: 1.8; font-family: 'Open Sans', 'Open Sans', 'Helvetica Neue', Helvetica, 'sans-serif'; font-style: normal; font-size: 16px; color: #3c3c3c;\"><span style=\"font-weight: 400;\">Vi gemmer en sikker kopi af dine film <\/span><b>GRATIS<\/b><\/p>\n<p style=\"overflow-wrap: break-word; box-sizing: inherit; text-size-adjust: 100%; line-height: 1.8; font-family: 'Open Sans', 'Open Sans', 'Helvetica Neue', Helvetica, 'sans-serif'; font-style: normal; font-size: 16px; color: #3c3c3c;\"><span style=\"font-weight: 400;\">Bliver dine film v\u00e6k, kan du altid f\u00e5 dem igen <\/span><b>GRATIS<\/b><\/p>\n<p style=\"overflow-wrap: break-word; box-sizing: inherit; text-size-adjust: 100%; line-height: 1.8; font-family: 'Open Sans', 'Open Sans', 'Helvetica Neue', Helvetica, 'sans-serif'; font-style: normal; font-size: 16px; color: #3c3c3c;\">Er der 10 film eller flere er usb-pen&nbsp;<span style=\"font-weight: bold;\">GRATIS<\/span><\/p>\n<p style=\"overflow-wrap: break-word; box-sizing: inherit; text-size-adjust: 100%; line-height: 1.8; font-family: 'Open Sans', 'Open Sans', 'Helvetica Neue', Helvetica, 'sans-serif'; font-style: normal; font-size: 16px; color: #3c3c3c;\">Er der rigtig mange film og meget data f\u00e5r du en ssd-disk <b>GRATIS<\/b><\/p>\n<p style=\"overflow-wrap: break-word; box-sizing: inherit; text-size-adjust: 100%; line-height: 1.8; font-family: 'Open Sans', 'Open Sans', 'Helvetica Neue', Helvetica, 'sans-serif'; font-style: normal; font-size: 16px; color: #3c3c3c;\"><b>V<\/b>ed f\u00e6rre end 10 film kan du k\u00f8be en usb-pen for<b> 75 kr.<\/b><\/p>\n<p style=\"overflow-wrap: break-word; box-sizing: inherit; text-size-adjust: 100%; line-height: 1.8; font-family: 'Open Sans', 'Open Sans', 'Helvetica Neue', Helvetica, 'sans-serif'; font-style: normal; font-size: 16px; color: #3c3c3c;\"><b>Har du forskellige film, f.eks. b\u00e5de smalfilm og videob\u00e5nd, t\u00e6ller alle film med som antal, samlet i m\u00e6ngderabatterne<\/b><\/p>\t\t\t\t\t\t\t\t<\/div>\n\t\t\t\t<\/div>\n\t\t\t\t\t<\/div>\n\t\t<\/div>\n\t\t\t\t\t<\/div>\n\t\t<\/section>\n\t\t\t\t\t<\/div>\n\t\t<\/div>\n\t\t\t\t\t<\/div>\n\t\t<\/section>\n\t\t\t\t<\/div>\n\t\t","protected":false},"excerpt":{"rendered":"<p>Overspilning &#8211; Digitalisering &#8211; Kopiering af mini dv og dv b\u00e5nd Det er en let sag for dig, at f\u00e5 kopieret dine dv b\u00e5nd til digital, s\u00e5 du kan se dine film p\u00e5 computer, tablet, tv eller andet. \u00a0 Du sender dine film til mig (Storegade 29, 6430 Nordborg), eller kommer ind med dem i &hellip;<\/p>\n<p class=\"read-more\"> <a class=\"\" href=\"https:\/\/xn--fotografen-snderborg-mcc.dk\/?page_id=5165\"> <span class=\"screen-reader-text\">Mini dv og dv b\u00e5nd kopiering<\/span> L\u00e6s mere &raquo;<\/a><\/p>\n","protected":false},"author":1,"featured_media":0,"parent":0,"menu_order":0,"comment_status":"closed","ping_status":"closed","template":"","meta":{"site-sidebar-layout":"no-sidebar","site-content-layout":"page-builder","ast-site-content-layout":"","site-content-style":"default","site-sidebar-style":"default","ast-global-header-display":"","ast-banner-title-visibility":"","ast-main-header-display":"","ast-hfb-above-header-display":"","ast-hfb-below-header-display":"","ast-hfb-mobile-header-display":"","site-post-title":"disabled","ast-breadcrumbs-content":"","ast-featured-img":"disabled","footer-sml-layout":"","theme-transparent-header-meta":"","adv-header-id-meta":"","stick-header-meta":"","header-above-stick-meta":"","header-main-stick-meta":"","header-below-stick-meta":"","astra-migrate-meta-layouts":"","footnotes":""},"class_list":["post-5165","page","type-page","status-publish","hentry"],"_links":{"self":[{"href":"https:\/\/xn--fotografen-snderborg-mcc.dk\/index.php?rest_route=\/wp\/v2\/pages\/5165","targetHints":{"allow":["GET"]}}],"collection":[{"href":"https:\/\/xn--fotografen-snderborg-mcc.dk\/index.php?rest_route=\/wp\/v2\/pages"}],"about":[{"href":"https:\/\/xn--fotografen-snderborg-mcc.dk\/index.php?rest_route=\/wp\/v2\/types\/page"}],"author":[{"embeddable":true,"href":"https:\/\/xn--fotografen-snderborg-mcc.dk\/index.php?rest_route=\/wp\/v2\/users\/1"}],"replies":[{"embeddable":true,"href":"https:\/\/xn--fotografen-snderborg-mcc.dk\/index.php?rest_route=%2Fwp%2Fv2%2Fcomments&post=5165"}],"version-history":[{"count":25,"href":"https:\/\/xn--fotografen-snderborg-mcc.dk\/index.php?rest_route=\/wp\/v2\/pages\/5165\/revisions"}],"predecessor-version":[{"id":5964,"href":"https:\/\/xn--fotografen-snderborg-mcc.dk\/index.php?rest_route=\/wp\/v2\/pages\/5165\/revisions\/5964"}],"wp:attachment":[{"href":"https:\/\/xn--fotografen-snderborg-mcc.dk\/index.php?rest_route=%2Fwp%2Fv2%2Fmedia&parent=5165"}],"curies":[{"name":"wp","href":"https:\/\/api.w.org\/{rel}","templated":true}]}}